{"id":10,"date":"2022-06-17T11:21:19","date_gmt":"2022-06-17T14:21:19","guid":{"rendered":"https:\/\/colegioyedamaria.com.br\/site\/?page_id=10"},"modified":"2024-03-13T08:35:20","modified_gmt":"2024-03-13T11:35:20","slug":"equipe","status":"publish","type":"page","link":"https:\/\/colegioyedamaria.com.br\/site\/equipe\/","title":{"rendered":"Equipe"},"content":{"rendered":"\t\t<div data-elementor-type=\"wp-page\" data-elementor-id=\"10\" class=\"elementor elementor-10\">\n\t\t\t\t\t\t\t\t\t<section class=\"elementor-section elementor-top-section elementor-element elementor-element-373a6f4b elementor-section-boxed elementor-section-height-default elementor-section-height-default\" data-id=\"373a6f4b\" data-element_type=\"section\">\n\t\t\t\t\t\t<div class=\"elementor-container elementor-column-gap-default\">\n\t\t\t\t\t<div class=\"elementor-column elementor-col-100 elementor-top-column elementor-element elementor-element-6b72e42d\" data-id=\"6b72e42d\" data-element_type=\"column\">\n\t\t\t<div class=\"elementor-widget-wrap elementor-element-populated\">\n\t\t\t\t\t\t\t\t<div class=\"elementor-element elementor-element-4b0f3644 elementor-widget elementor-widget-text-editor\" data-id=\"4b0f3644\" data-element_type=\"widget\" data-widget_type=\"text-editor.default\">\n\t\t\t\t<div class=\"elementor-widget-container\">\n\t\t\t<style>\/*! elementor - v3.6.6 - 08-06-2022 *\/\n.elementor-widget-text-editor.elementor-drop-cap-view-stacked .elementor-drop-cap{background-color:#818a91;color:#fff}.elementor-widget-text-editor.elementor-drop-cap-view-framed .elementor-drop-cap{color:#818a91;border:3px solid;background-color:transparent}.elementor-widget-text-editor:not(.elementor-drop-cap-view-default) .elementor-drop-cap{margin-top:8px}.elementor-widget-text-editor:not(.elementor-drop-cap-view-default) .elementor-drop-cap-letter{width:1em;height:1em}.elementor-widget-text-editor .elementor-drop-cap{float:left;text-align:center;line-height:1;font-size:50px}.elementor-widget-text-editor .elementor-drop-cap-letter{display:inline-block}<\/style>\t\t\t\t<!-- wp:heading -->\n<h2 class=\"wp-block-heading\"><strong>Equipe<\/strong><\/h2>\n<!-- \/wp:heading --><!-- wp:paragraph -->\n<p>\u2022 Diretora: <strong>Yeda Maria Morone Salgado<\/strong><br \/>\u2022 Vice-Diretora: <strong>Gabriela Morone Fidalgo Salgado<\/strong><br \/>\u2022 Secret\u00e1ria: <strong>Elis\u00e2ngela Aparecida Pinto<\/strong> (<a href=\"mailto:li*@co**************.br\" data-original-string=\"ezTtp+1pZ+5PzgvGwF1IWvhj\/WAevtSWA6L7KisUjWA=\" title=\"This contact has been encoded by Anti-Spam by CleanTalk. Click to decode. To finish the decoding make sure that JavaScript is enabled in your browser.\" target=\"_blank\" rel=\"noreferrer noopener\"><span \n                data-original-string=\"ezTtp+1pZ+5PzgvGwF1IWvhj\/WAevtSWA6L7KisUjWA=\"\n                class=\"apbct-email-encoder\"\n                title=\"This contact has been encoded by Anti-Spam by CleanTalk. Click to decode. To finish the decoding make sure that JavaScript is enabled in your browser.\">\n        <span class=\"apbct-ee-blur-group\">\n            <span class=\"apbct-ee-blur_email-text\">li*@co**************.br<\/span>\n            <span class=\"apbct-ee-static-blur\">\n                <span class=\"apbct-ee-blur apbct-ee-blur_rectangle-init\"><\/span>\n                <span class=\"apbct-ee-blur apbct-ee-blur_rectangle-soft\"><\/span>\n                <span class=\"apbct-ee-blur apbct-ee-blur_rectangle-hard\"><\/span>\n            <\/span>\n            <span class=\"apbct-ee-animate-blur\">\n                <span class=\"apbct-ee-blur apbct-ee-blur_rectangle-init apbct-ee-blur_animate-init\"><\/span>\n                <span class=\"apbct-ee-blur apbct-ee-blur_rectangle-soft apbct-ee-blur_animate-soft \"><\/span>\n                <span class=\"apbct-ee-blur apbct-ee-blur_rectangle-hard apbct-ee-blur_animate-hard\"><\/span>\n            <\/span>\n        <\/span>\n<\/span><\/a>)<br \/>\u2022 Atendimento na Secretaria: <strong>Nath\u00e1lia Morone, Daniellle Ferreira, Deisi Lira Rodrigues, Luiza Petrechem<\/strong> (<a href=\"mailto:se*********@co**************.br\" data-original-string=\"PkQrqCjqjL+4Y4xC0YtJPjkKfUv6svD0\/oG4kS7XVrab84CTmPAR7EqWMTWk\/A1l\" title=\"This contact has been encoded by Anti-Spam by CleanTalk. Click to decode. To finish the decoding make sure that JavaScript is enabled in your browser.\" target=\"_blank\" rel=\"noreferrer noopener\"><span \n                data-original-string=\"PkQrqCjqjL+4Y4xC0YtJPjkKfUv6svD0\/oG4kS7XVrab84CTmPAR7EqWMTWk\/A1l\"\n                class=\"apbct-email-encoder\"\n                title=\"This contact has been encoded by Anti-Spam by CleanTalk. Click to decode. To finish the decoding make sure that JavaScript is enabled in your browser.\">\n        <span class=\"apbct-ee-blur-group\">\n            <span class=\"apbct-ee-blur_email-text\">se*********@co**************.br<\/span>\n            <span class=\"apbct-ee-static-blur\">\n                <span class=\"apbct-ee-blur apbct-ee-blur_rectangle-init\"><\/span>\n                <span class=\"apbct-ee-blur apbct-ee-blur_rectangle-soft\"><\/span>\n                <span class=\"apbct-ee-blur apbct-ee-blur_rectangle-hard\"><\/span>\n            <\/span>\n            <span class=\"apbct-ee-animate-blur\">\n                <span class=\"apbct-ee-blur apbct-ee-blur_rectangle-init apbct-ee-blur_animate-init\"><\/span>\n                <span class=\"apbct-ee-blur apbct-ee-blur_rectangle-soft apbct-ee-blur_animate-soft \"><\/span>\n                <span class=\"apbct-ee-blur apbct-ee-blur_rectangle-hard apbct-ee-blur_animate-hard\"><\/span>\n            <\/span>\n        <\/span>\n<\/span><\/a>)<br \/>\u2022 Financeiro: <strong>Thicianne Nascimento<\/strong> (<a href=\"mailto:fi********@co**************.br\" data-original-string=\"v+CEMVdcfYiqT2xsIAoWSK3nEMZ2A6equSEBrj9Fb39T0jM5Yfj\/MRCwSj1pTwPN\" title=\"This contact has been encoded by Anti-Spam by CleanTalk. Click to decode. To finish the decoding make sure that JavaScript is enabled in your browser.\" target=\"_blank\" rel=\"noreferrer noopener\"><span \n                data-original-string=\"v+CEMVdcfYiqT2xsIAoWSK3nEMZ2A6equSEBrj9Fb39T0jM5Yfj\/MRCwSj1pTwPN\"\n                class=\"apbct-email-encoder\"\n                title=\"This contact has been encoded by Anti-Spam by CleanTalk. Click to decode. To finish the decoding make sure that JavaScript is enabled in your browser.\">\n        <span class=\"apbct-ee-blur-group\">\n            <span class=\"apbct-ee-blur_email-text\">fi********@co**************.br<\/span>\n            <span class=\"apbct-ee-static-blur\">\n                <span class=\"apbct-ee-blur apbct-ee-blur_rectangle-init\"><\/span>\n                <span class=\"apbct-ee-blur apbct-ee-blur_rectangle-soft\"><\/span>\n                <span class=\"apbct-ee-blur apbct-ee-blur_rectangle-hard\"><\/span>\n            <\/span>\n            <span class=\"apbct-ee-animate-blur\">\n                <span class=\"apbct-ee-blur apbct-ee-blur_rectangle-init apbct-ee-blur_animate-init\"><\/span>\n                <span class=\"apbct-ee-blur apbct-ee-blur_rectangle-soft apbct-ee-blur_animate-soft \"><\/span>\n                <span class=\"apbct-ee-blur apbct-ee-blur_rectangle-hard apbct-ee-blur_animate-hard\"><\/span>\n            <\/span>\n        <\/span>\n<\/span><\/a>)<br \/>\u2022 Coordenadora Pedag\u00f3gica: <strong>Educa\u00e7\u00e3o Infantil e Ensino Fundamental I: Lislay Anne Hammerschmidt<\/strong> (<span \n                data-original-string=\"xdhugN9Y7i1GKVcyANEexZ4uNnt3Pl8IVMX6d7m\/Rc0=\"\n                class=\"apbct-email-encoder\"\n                title=\"This contact has been encoded by Anti-Spam by CleanTalk. Click to decode. To finish the decoding make sure that JavaScript is enabled in your browser.\">\n        <span class=\"apbct-ee-blur-group\">\n            <span class=\"apbct-ee-blur_email-text\">in**********@ou*****.com<\/span>\n            <span class=\"apbct-ee-static-blur\">\n                <span class=\"apbct-ee-blur apbct-ee-blur_rectangle-init\"><\/span>\n                <span class=\"apbct-ee-blur apbct-ee-blur_rectangle-soft\"><\/span>\n                <span class=\"apbct-ee-blur apbct-ee-blur_rectangle-hard\"><\/span>\n            <\/span>\n            <span class=\"apbct-ee-animate-blur\">\n                <span class=\"apbct-ee-blur apbct-ee-blur_rectangle-init apbct-ee-blur_animate-init\"><\/span>\n                <span class=\"apbct-ee-blur apbct-ee-blur_rectangle-soft apbct-ee-blur_animate-soft \"><\/span>\n                <span class=\"apbct-ee-blur apbct-ee-blur_rectangle-hard apbct-ee-blur_animate-hard\"><\/span>\n            <\/span>\n        <\/span>\n<\/span>)<br \/>\u2022 Coordenadora Pedag\u00f3gica: <strong>Ensino Fundamental II e Ensino M\u00e9dio: Solange Cristina Damin<\/strong> (<span \n                data-original-string=\"8elKlkHz2Vqx4QZUN0kzIH1FeOLD1gELjEPzoFz0LKE=\"\n                class=\"apbct-email-encoder\"\n                title=\"This contact has been encoded by Anti-Spam by CleanTalk. Click to decode. To finish the decoding make sure that JavaScript is enabled in your browser.\">\n        <span class=\"apbct-ee-blur-group\">\n            <span class=\"apbct-ee-blur_email-text\">co******************@gm***.com<\/span>\n            <span class=\"apbct-ee-static-blur\">\n                <span class=\"apbct-ee-blur apbct-ee-blur_rectangle-init\"><\/span>\n                <span class=\"apbct-ee-blur apbct-ee-blur_rectangle-soft\"><\/span>\n                <span class=\"apbct-ee-blur apbct-ee-blur_rectangle-hard\"><\/span>\n            <\/span>\n            <span class=\"apbct-ee-animate-blur\">\n                <span class=\"apbct-ee-blur apbct-ee-blur_rectangle-init apbct-ee-blur_animate-init\"><\/span>\n                <span class=\"apbct-ee-blur apbct-ee-blur_rectangle-soft apbct-ee-blur_animate-soft \"><\/span>\n                <span class=\"apbct-ee-blur apbct-ee-blur_rectangle-hard apbct-ee-blur_animate-hard\"><\/span>\n            <\/span>\n        <\/span>\n<\/span>)<\/p>\n<!-- \/wp:paragraph -->\t\t\t\t\t\t<\/div>\n\t\t\t\t<\/div>\n\t\t\t\t\t<\/div>\n\t\t<\/div>\n\t\t\t\t\t\t\t<\/div>\n\t\t<\/section>\n\t\t\t\t\t\t\t<\/div>\n\t\t","protected":false},"excerpt":{"rendered":"<p>Equipe \u2022 Diretora: Yeda Maria Morone Salgado\u2022 Vice-Diretora: Gabriela Morone Fidalgo Salgado\u2022 Secret\u00e1ria: Elis\u00e2ngela Aparecida Pinto ( li*@co**************.br )\u2022 Atendimento na Secretaria: Nath\u00e1lia Morone, Daniellle Ferreira, Deisi Lira Rodrigues, Luiza Petrechem ( se*********@co**************.br )\u2022 Financeiro: Thicianne Nascimento ( fi********@co**************.br )\u2022 Coordenadora Pedag\u00f3gica: Educa\u00e7\u00e3o Infantil e Ensino Fundamental I: Lislay Anne Hammerschmidt ( in**********@ou*****.com )\u2022 Coordenadora Pedag\u00f3gica: Ensino Fundamental II e Ensino M\u00e9dio: Solange Cristina Damin ( co******************@gm***.com )<\/p>\n","protected":false},"author":1,"featured_media":0,"parent":0,"menu_order":0,"comment_status":"closed","ping_status":"closed","template":"","meta":{"om_disable_all_campaigns":false,"_monsterinsights_skip_tracking":false,"_monsterinsights_sitenote_active":false,"_monsterinsights_sitenote_note":"","_monsterinsights_sitenote_category":0,"footnotes":"","_joinchat":[]},"blocksy_meta":{"styles_descriptor":{"styles":{"desktop":"","tablet":"","mobile":""},"google_fonts":[],"version":5}},"_links":{"self":[{"href":"https:\/\/colegioyedamaria.com.br\/site\/wp-json\/wp\/v2\/pages\/10"}],"collection":[{"href":"https:\/\/colegioyedamaria.com.br\/site\/wp-json\/wp\/v2\/pages"}],"about":[{"href":"https:\/\/colegioyedamaria.com.br\/site\/wp-json\/wp\/v2\/types\/page"}],"author":[{"embeddable":true,"href":"https:\/\/colegioyedamaria.com.br\/site\/wp-json\/wp\/v2\/users\/1"}],"replies":[{"embeddable":true,"href":"https:\/\/colegioyedamaria.com.br\/site\/wp-json\/wp\/v2\/comments?post=10"}],"version-history":[{"count":7,"href":"https:\/\/colegioyedamaria.com.br\/site\/wp-json\/wp\/v2\/pages\/10\/revisions"}],"predecessor-version":[{"id":664,"href":"https:\/\/colegioyedamaria.com.br\/site\/wp-json\/wp\/v2\/pages\/10\/revisions\/664"}],"wp:attachment":[{"href":"https:\/\/colegioyedamaria.com.br\/site\/wp-json\/wp\/v2\/media?parent=10"}],"curies":[{"name":"wp","href":"https:\/\/api.w.org\/{rel}","templated":true}]}}